{"id":946,"date":"2021-02-15T16:50:45","date_gmt":"2021-02-15T15:50:45","guid":{"rendered":"\/?page_id=946"},"modified":"2023-09-06T10:41:39","modified_gmt":"2023-09-06T08:41:39","slug":"perche-associarsi","status":"publish","type":"page","link":"https:\/\/lazio.fifosanita.it\/?page_id=946","title":{"rendered":"Perch\u00e9 Associarsi?"},"content":{"rendered":"<p>[et_pb_section fb_built=&#8221;1&#8243; next_background_color=&#8221;#f8fbfe&#8221; admin_label=&#8221;Center Aligned Text &#8221; _builder_version=&#8221;4.9.4&#8243; background_color=&#8221;#f8fbfe&#8221; use_background_color_gradient=&#8221;on&#8221; background_color_gradient_start=&#8221;#0f3e6f&#8221; background_color_gradient_end=&#8221;#4e7ec5&#8243; background_color_gradient_direction=&#8221;135deg&#8221; background_image=&#8221;\/wp-content\/uploads\/2021\/01\/geometric-bg-overlay-01.jpg&#8221; background_blend=&#8221;overlay&#8221; custom_padding=&#8221;|0px||0px|false|false&#8221; bottom_divider_style=&#8221;arrow2&#8243; bottom_divider_height=&#8221;40px&#8221; animation_direction=&#8221;bottom&#8221; global_colors_info=&#8221;{}&#8221;][et_pb_row _builder_version=&#8221;3.25&#8243; global_colors_info=&#8221;{}&#8221;][et_pb_column type=&#8221;4_4&#8243; _builder_version=&#8221;3.25&#8243; custom_padding=&#8221;|||&#8221; global_colors_info=&#8221;{}&#8221; custom_padding__hover=&#8221;|||&#8221;][et_pb_text _builder_version=&#8221;4.14.7&#8243; text_font=&#8221;Nunito Sans||||||||&#8221; text_text_color=&#8221;#ffffff&#8221; text_font_size=&#8221;18px&#8221; text_line_height=&#8221;1.8em&#8221; header_font=&#8221;Nunito Sans|700|||||||&#8221; header_font_size=&#8221;50px&#8221; header_line_height=&#8221;1.3em&#8221; header_2_font=&#8221;||||||||&#8221; text_orientation=&#8221;center&#8221; background_layout=&#8221;dark&#8221; max_width=&#8221;700px&#8221; module_alignment=&#8221;center&#8221; hover_enabled=&#8221;0&#8243; locked=&#8221;off&#8221; global_colors_info=&#8221;{}&#8221; sticky_enabled=&#8221;0&#8243;]<\/p>\n<h1>Perch\u00e9 Associarsi?<\/h1>\n<p>[\/et_pb_text][\/et_pb_column][\/et_pb_row][\/et_pb_section][et_pb_section fb_built=&#8221;1&#8243; _builder_version=&#8221;3.22&#8243; background_color=&#8221;#f8fbfe&#8221; custom_padding=&#8221;||100px|&#8221; global_colors_info=&#8221;{}&#8221;][et_pb_row admin_label=&#8221;Right Sided Image&#8221; _builder_version=&#8221;4.9.4&#8243; max_width=&#8221;100%&#8221; max_width_tablet=&#8221;&#8221; max_width_phone=&#8221;100%&#8221; max_width_last_edited=&#8221;on|phone&#8221; custom_padding=&#8221;27px|0px||0px|false|false&#8221; locked=&#8221;off&#8221; global_colors_info=&#8221;{}&#8221;][et_pb_column type=&#8221;4_4&#8243; _builder_version=&#8221;3.25&#8243; custom_padding=&#8221;|||&#8221; global_colors_info=&#8221;{}&#8221; custom_padding__hover=&#8221;|||&#8221;][et_pb_text _builder_version=&#8221;4.14.7&#8243; _module_preset=&#8221;default&#8221; text_font=&#8221;Nunito Sans||||||||&#8221; text_text_color=&#8221;#002887&#8243; text_font_size=&#8221;18px&#8221; text_line_height=&#8221;1.8em&#8221; header_font=&#8221;||||||||&#8221; header_text_align=&#8221;left&#8221; header_text_color=&#8221;RGBA(255,255,255,0)&#8221; header_2_font=&#8221;Nunito Sans|700|||||||&#8221; header_2_text_color=&#8221;#003577&#8243; header_2_font_size=&#8221;35px&#8221; header_2_line_height=&#8221;1.3em&#8221; text_orientation=&#8221;justified&#8221; max_width=&#8221;80%&#8221; max_width_tablet=&#8221;80%&#8221; max_width_phone=&#8221;100%&#8221; max_width_last_edited=&#8221;on|phone&#8221; module_alignment=&#8221;center&#8221; custom_padding=&#8221;||0px|||&#8221; global_colors_info=&#8221;{}&#8221;]<\/p>\n<h2>Perch\u00e9 associarsi a As.F.O. Sanit\u00e0 Lazio?<\/h2>\n<p>Sostegno, tutela, rappresentanza. As.F.O. Lazio rappresenta per le aziende associate un supporto nel quotidiano impegno professionale. Obiettivo principale \u00e8 quello di far crescere e tutelare le imprese che svolgono la propria attivit\u00e0 nel delicato settore della sanit\u00e0 pubblica, ma di sostenere anche l\u2019insieme dell\u2019economia per il benessere dell\u2019intera comunit\u00e0, con la convinzione che, soltanto facendo \u201csistema\u201d, si possa uscire dalla crisi.<\/p>\n<p>In accordo con le scelte di Confcommercio, alla quale As.F.O. Lazio aderisce, si propone un nuovo modello di rappresentanza, non solo di una parte o di una categoria, ma dell\u2019intera qualit\u00e0 della vita e questo attraverso un modello di governance che mette al centro il sostegno alle imprese, agli imprenditori e a tutti gli addetti del settore.<\/p>\n<p>Ecco i principali servizi di cui possono usufruire gli iscritti ad As.F.O. Lazio:<\/p>\n<ul>\n<li>Consulenza su lavoro e servizi sindacali, gestione e problemi di natura legale e tributaria;<\/li>\n<li>Formazione e aggiornamento continui, informazione costante, assistenza tecnica;<\/li>\n<li>Convenzioni;<\/li>\n<li>Attivit\u00e0 diretta di rappresentanza, negoziazione con enti locali, regionali, amministrazioni pubbliche e ministeri;<\/li>\n<li>Iniziative a sostegno dell\u2019economia e delle imprese rappresentate;<\/li>\n<li>Studi, convegni e seminari sui temi di principale interesse per la categoria organizzati da ASFO e Confcommercio<\/li>\n<\/ul>\n<p>&nbsp;<\/p>\n<p><u>\u00a0<\/u><\/p>\n<p>[\/et_pb_text][\/et_pb_column][\/et_pb_row][\/et_pb_section]<\/p>\n","protected":false},"excerpt":{"rendered":"<p>Perch\u00e9 Associarsi?Perch\u00e9 associarsi a As.F.O. Sanit\u00e0 Lazio? Sostegno, tutela, rappresentanza. As.F.O. Lazio rappresenta per le aziende associate un supporto nel quotidiano impegno professionale. Obiettivo principale \u00e8 quello di far crescere e tutelare le imprese che svolgono la propria attivit\u00e0 nel delicato settore della sanit\u00e0 pubblica, ma di sostenere anche l\u2019insieme dell\u2019economia per il benessere dell\u2019intera [&hellip;]<\/p>\n","protected":false},"author":1,"featured_media":0,"parent":0,"menu_order":0,"comment_status":"closed","ping_status":"closed","template":"","meta":{"_et_pb_use_builder":"on","_et_pb_old_content":"","_et_gb_content_width":""},"acf":[],"_links":{"self":[{"href":"https:\/\/lazio.fifosanita.it\/index.php?rest_route=\/wp\/v2\/pages\/946"}],"collection":[{"href":"https:\/\/lazio.fifosanita.it\/index.php?rest_route=\/wp\/v2\/pages"}],"about":[{"href":"https:\/\/lazio.fifosanita.it\/index.php?rest_route=\/wp\/v2\/types\/page"}],"author":[{"embeddable":true,"href":"https:\/\/lazio.fifosanita.it\/index.php?rest_route=\/wp\/v2\/users\/1"}],"replies":[{"embeddable":true,"href":"https:\/\/lazio.fifosanita.it\/index.php?rest_route=%2Fwp%2Fv2%2Fcomments&post=946"}],"version-history":[{"count":27,"href":"https:\/\/lazio.fifosanita.it\/index.php?rest_route=\/wp\/v2\/pages\/946\/revisions"}],"predecessor-version":[{"id":242361,"href":"https:\/\/lazio.fifosanita.it\/index.php?rest_route=\/wp\/v2\/pages\/946\/revisions\/242361"}],"wp:attachment":[{"href":"https:\/\/lazio.fifosanita.it\/index.php?rest_route=%2Fwp%2Fv2%2Fmedia&parent=946"}],"curies":[{"name":"wp","href":"https:\/\/api.w.org\/{rel}","templated":true}]}}