{"id":19841,"date":"2021-05-03T12:56:16","date_gmt":"2021-05-03T10:56:16","guid":{"rendered":"https:\/\/lazio.fifosanita.it\/?page_id=19841"},"modified":"2021-05-03T12:59:00","modified_gmt":"2021-05-03T10:59:00","slug":"consorzio-innovo","status":"publish","type":"page","link":"https:\/\/lazio.fifosanita.it\/?page_id=19841","title":{"rendered":"Consorzio Innovo"},"content":{"rendered":"<p>[et_pb_section fb_built=&#8221;1&#8243; next_background_color=&#8221;#ffffff&#8221; admin_label=&#8221;Center Aligned Text &#8221; _builder_version=&#8221;4.9.4&#8243; background_color=&#8221;#f8fbfe&#8221; use_background_color_gradient=&#8221;on&#8221; background_color_gradient_start=&#8221;#0f3e6f&#8221; background_color_gradient_end=&#8221;#4e7ec5&#8243; background_color_gradient_direction=&#8221;135deg&#8221; background_image=&#8221;\/wp-content\/uploads\/2021\/01\/geometric-bg-overlay-01.jpg&#8221; background_blend=&#8221;overlay&#8221; custom_padding=&#8221;|0px||0px|false|false&#8221; bottom_divider_style=&#8221;arrow2&#8243; bottom_divider_height=&#8221;40px&#8221; animation_direction=&#8221;bottom&#8221; locked=&#8221;off&#8221;][et_pb_row _builder_version=&#8221;3.25&#8243;][et_pb_column type=&#8221;4_4&#8243; _builder_version=&#8221;3.25&#8243; custom_padding=&#8221;|||&#8221; custom_padding__hover=&#8221;|||&#8221;][et_pb_text _builder_version=&#8221;4.9.4&#8243; text_font=&#8221;Nunito Sans||||||||&#8221; text_text_color=&#8221;#ffffff&#8221; text_font_size=&#8221;18px&#8221; text_line_height=&#8221;1.8em&#8221; header_font=&#8221;Nunito Sans|700|||||||&#8221; header_font_size=&#8221;50px&#8221; header_line_height=&#8221;1.3em&#8221; header_2_font=&#8221;||||||||&#8221; text_orientation=&#8221;center&#8221; background_layout=&#8221;dark&#8221; max_width=&#8221;700px&#8221; module_alignment=&#8221;center&#8221; hover_enabled=&#8221;0&#8243; locked=&#8221;off&#8221; sticky_enabled=&#8221;0&#8243;]<\/p>\n<h1>Consorzio Innovo<\/h1>\n<div id=\"gtx-trans\" style=\"position: absolute; left: -75px; top: -0.5625px;\">\n<div class=\"gtx-trans-icon\"><\/div>\n<\/div>\n<p>[\/et_pb_text][\/et_pb_column][\/et_pb_row][\/et_pb_section][et_pb_section fb_built=&#8221;1&#8243; _builder_version=&#8221;4.9.4&#8243; _module_preset=&#8221;default&#8221;][et_pb_row column_structure=&#8221;2_3,1_3&#8243; _builder_version=&#8221;4.9.4&#8243; _module_preset=&#8221;default&#8221; max_width=&#8221;100%&#8221; max_width_tablet=&#8221;&#8221; max_width_phone=&#8221;100%&#8221; max_width_last_edited=&#8221;on|phone&#8221;][et_pb_column type=&#8221;2_3&#8243; _builder_version=&#8221;4.9.4&#8243; _module_preset=&#8221;default&#8221;][et_pb_text _builder_version=&#8221;4.9.4&#8243; text_font=&#8221;Nunito Sans||||||||&#8221; text_text_color=&#8221;#000000&#8243; text_font_size=&#8221;18px&#8221; text_line_height=&#8221;1.8em&#8221; header_font=&#8221;||||||||&#8221; header_text_align=&#8221;left&#8221; header_2_font=&#8221;Nunito Sans|700|||||||&#8221; header_2_text_color=&#8221;#535b7c&#8221; header_2_font_size=&#8221;35px&#8221; header_2_line_height=&#8221;1.3em&#8221; text_orientation=&#8221;justified&#8221; max_width=&#8221;80%&#8221; max_width_tablet=&#8221;&#8221; max_width_phone=&#8221;100%&#8221; max_width_last_edited=&#8221;on|phone&#8221; module_alignment=&#8221;center&#8221; custom_padding=&#8221;||0px|||&#8221; hover_enabled=&#8221;0&#8243; locked=&#8221;off&#8221; sticky_enabled=&#8221;0&#8243;]<\/p>\n<p>Il consorzio Innovo nasce dall\u2019unione di cinque aziende leader nel settore informatico, della telemedicina, della comunicazione digitale\u00a0e dei servizi per enti pubblici che hanno deciso di unirsi per creare una grande realt\u00e0 solida e concorrenziale.<\/p>\n<p>La forza del gruppo \u00e8 data dal know how, in costante evoluzione come il mercato in cui si muove, e dallo staff di professionisti che da anni operano per venire incontro alle esigenze dei clienti, i nostri partner commerciali. Innovo \u00e8 una realt\u00e0 solida capace di dare risposte in linea con la competenza e la professionalit\u00e0 che da sempre ci contraddistingue.<\/p>\n<p>Il patrimonio di competenze acquisito negli anni \u00e8 il punto di forza di un gruppo in grado di offrire servizi di qualit\u00e0.<\/p>\n<p>Per approfondimenti:<\/p>\n<p><a href=\"http:\/\/www.consorzioinnovo.it\" rel=\"nofollow noopener\" target=\"_blank\"><span style=\"color: #1d70b7;\">www.consorzioinnovo.it<\/span><\/a><\/p>\n<p>[\/et_pb_text][\/et_pb_column][et_pb_column type=&#8221;1_3&#8243; _builder_version=&#8221;4.9.4&#8243; _module_preset=&#8221;default&#8221;][et_pb_image src=&#8221;http:\/\/lazio.fifosanita.it\/wp-content\/uploads\/sites\/2\/2021\/05\/Logo-Consorzio-Innovo.png&#8221; alt=&#8221;Logo-Consorzio-Innovo&#8221; title_text=&#8221;Logo-Consorzio-Innovo&#8221; url=&#8221;http:\/\/www.consorzioinnovo.it&#8221; url_new_window=&#8221;on&#8221; _builder_version=&#8221;4.9.4&#8243; _module_preset=&#8221;default&#8221; hover_enabled=&#8221;0&#8243; sticky_enabled=&#8221;0&#8243;][\/et_pb_image][\/et_pb_column][\/et_pb_row][\/et_pb_section]<\/p>\n","protected":false},"excerpt":{"rendered":"<p>Consorzio Innovo Il consorzio Innovo nasce dall\u2019unione di cinque aziende leader nel settore informatico, della telemedicina, della comunicazione digitale\u00a0e dei servizi per enti pubblici che hanno deciso di unirsi per creare una grande realt\u00e0 solida e concorrenziale. La forza del gruppo \u00e8 data dal know how, in costante evoluzione come il mercato in cui si [&hellip;]<\/p>\n","protected":false},"author":1,"featured_media":0,"parent":0,"menu_order":0,"comment_status":"closed","ping_status":"closed","template":"","meta":{"_et_pb_use_builder":"on","_et_pb_old_content":"","_et_gb_content_width":""},"acf":[],"_links":{"self":[{"href":"https:\/\/lazio.fifosanita.it\/index.php?rest_route=\/wp\/v2\/pages\/19841"}],"collection":[{"href":"https:\/\/lazio.fifosanita.it\/index.php?rest_route=\/wp\/v2\/pages"}],"about":[{"href":"https:\/\/lazio.fifosanita.it\/index.php?rest_route=\/wp\/v2\/types\/page"}],"author":[{"embeddable":true,"href":"https:\/\/lazio.fifosanita.it\/index.php?rest_route=\/wp\/v2\/users\/1"}],"replies":[{"embeddable":true,"href":"https:\/\/lazio.fifosanita.it\/index.php?rest_route=%2Fwp%2Fv2%2Fcomments&post=19841"}],"version-history":[{"count":5,"href":"https:\/\/lazio.fifosanita.it\/index.php?rest_route=\/wp\/v2\/pages\/19841\/revisions"}],"predecessor-version":[{"id":19849,"href":"https:\/\/lazio.fifosanita.it\/index.php?rest_route=\/wp\/v2\/pages\/19841\/revisions\/19849"}],"wp:attachment":[{"href":"https:\/\/lazio.fifosanita.it\/index.php?rest_route=%2Fwp%2Fv2%2Fmedia&parent=19841"}],"curies":[{"name":"wp","href":"https:\/\/api.w.org\/{rel}","templated":true}]}}