{"id":19175,"date":"2021-02-26T15:13:11","date_gmt":"2021-02-26T14:13:11","guid":{"rendered":"\/?page_id=19175"},"modified":"2023-09-06T09:56:21","modified_gmt":"2023-09-06T07:56:21","slug":"aziende-associate","status":"publish","type":"page","link":"https:\/\/lazio.fifosanita.it\/?page_id=19175","title":{"rendered":"Aziende Associate"},"content":{"rendered":"<p>[et_pb_section fb_built=&#8221;1&#8243; next_background_color=&#8221;#f8fbfe&#8221; admin_label=&#8221;Center Aligned Text &#8221; _builder_version=&#8221;4.9.4&#8243; background_color=&#8221;#f8fbfe&#8221; use_background_color_gradient=&#8221;on&#8221; background_color_gradient_start=&#8221;#0f3e6f&#8221; background_color_gradient_end=&#8221;#4e7ec5&#8243; background_color_gradient_direction=&#8221;135deg&#8221; background_image=&#8221;\/wp-content\/uploads\/2021\/01\/geometric-bg-overlay-01.jpg&#8221; background_blend=&#8221;overlay&#8221; custom_padding=&#8221;|0px||0px|false|false&#8221; bottom_divider_style=&#8221;arrow2&#8243; bottom_divider_height=&#8221;40px&#8221; animation_direction=&#8221;bottom&#8221; global_colors_info=&#8221;{}&#8221;][et_pb_row _builder_version=&#8221;3.25&#8243; global_colors_info=&#8221;{}&#8221;][et_pb_column type=&#8221;4_4&#8243; _builder_version=&#8221;3.25&#8243; custom_padding=&#8221;|||&#8221; global_colors_info=&#8221;{}&#8221; custom_padding__hover=&#8221;|||&#8221;][et_pb_text _builder_version=&#8221;4.9.0&#8243; text_font=&#8221;Nunito Sans||||||||&#8221; text_text_color=&#8221;#ffffff&#8221; text_font_size=&#8221;18px&#8221; text_line_height=&#8221;1.8em&#8221; header_font=&#8221;Nunito Sans|700|||||||&#8221; header_font_size=&#8221;50px&#8221; header_line_height=&#8221;1.3em&#8221; header_2_font=&#8221;||||||||&#8221; text_orientation=&#8221;center&#8221; background_layout=&#8221;dark&#8221; max_width=&#8221;700px&#8221; module_alignment=&#8221;center&#8221; locked=&#8221;off&#8221; global_colors_info=&#8221;{}&#8221;]<\/p>\n<h1>Aziende Associate<\/h1>\n<p>[\/et_pb_text][\/et_pb_column][\/et_pb_row][\/et_pb_section][et_pb_section fb_built=&#8221;1&#8243; _builder_version=&#8221;3.22&#8243; background_color=&#8221;#f8fbfe&#8221; custom_padding=&#8221;||100px|&#8221; global_colors_info=&#8221;{}&#8221;][et_pb_row admin_label=&#8221;Right Sided Image&#8221; _builder_version=&#8221;4.9.4&#8243; max_width=&#8221;100%&#8221; custom_padding=&#8221;|0px||0px|false|false&#8221; locked=&#8221;off&#8221; global_colors_info=&#8221;{}&#8221;][et_pb_column type=&#8221;4_4&#8243; _builder_version=&#8221;3.25&#8243; custom_padding=&#8221;|||&#8221; global_colors_info=&#8221;{}&#8221; custom_padding__hover=&#8221;|||&#8221;][et_pb_text _builder_version=&#8221;4.14.7&#8243; text_font=&#8221;Nunito Sans||||||||&#8221; text_text_color=&#8221;#002887&#8243; text_font_size=&#8221;18px&#8221; text_line_height=&#8221;1.8em&#8221; header_font=&#8221;||||||||&#8221; header_text_align=&#8221;left&#8221; header_2_font=&#8221;Nunito Sans|700|||||||&#8221; header_2_text_color=&#8221;#003577&#8243; header_2_font_size=&#8221;35px&#8221; header_2_line_height=&#8221;1.3em&#8221; text_orientation=&#8221;justified&#8221; max_width=&#8221;80%&#8221; max_width_tablet=&#8221;&#8221; max_width_phone=&#8221;100%&#8221; max_width_last_edited=&#8221;on|phone&#8221; module_alignment=&#8221;center&#8221; custom_padding=&#8221;||0px|||&#8221; global_colors_info=&#8221;{}&#8221; header_text_color=&#8221;RGBA(255,255,255,0)&#8221;]<\/p>\n<h2>As.F.O. Sanit\u00e0, una grande famiglia<\/h2>\n<p>As.F.O. Sanit\u00e0 \u00e8 prima di tutto una grande famiglia.<\/p>\n<p>Una famiglia di piccole e medie imprese che fornisce supporto e assistenza a tutte le aziende associate che operano in tutta Italia e che, seppur in campi diversi, sono tutte a stretto contatto con il mondo della sanit\u00e0, soprattutto quella pubblica.<\/p>\n<p>Forniscono prodotti e servizi agli ospedali, dagli elettromedicali agli strumentari chirurgici, dalla protesica all\u2019ortopedia, alla fatturazione elettronica e informatica, dalle attrezzature per uffici alla sanificazione, dai trasporti alla vigilanza.<\/p>\n<p>Scopri chi ha gi\u00e0 scelto di camminare insieme a noi ed entra, anche tu, in As.F.O. Sanit\u00e0.<\/p>\n<p>[\/et_pb_text][\/et_pb_column][\/et_pb_row][\/et_pb_section]<\/p>\n","protected":false},"excerpt":{"rendered":"<p>Aziende AssociateAs.F.O. Sanit\u00e0, una grande famiglia As.F.O. Sanit\u00e0 \u00e8 prima di tutto una grande famiglia. Una famiglia di piccole e medie imprese che fornisce supporto e assistenza a tutte le aziende associate che operano in tutta Italia e che, seppur in campi diversi, sono tutte a stretto contatto con il mondo della sanit\u00e0, soprattutto quella [&hellip;]<\/p>\n","protected":false},"author":1,"featured_media":0,"parent":0,"menu_order":0,"comment_status":"closed","ping_status":"closed","template":"","meta":{"_et_pb_use_builder":"on","_et_pb_old_content":"","_et_gb_content_width":""},"acf":[],"_links":{"self":[{"href":"https:\/\/lazio.fifosanita.it\/index.php?rest_route=\/wp\/v2\/pages\/19175"}],"collection":[{"href":"https:\/\/lazio.fifosanita.it\/index.php?rest_route=\/wp\/v2\/pages"}],"about":[{"href":"https:\/\/lazio.fifosanita.it\/index.php?rest_route=\/wp\/v2\/types\/page"}],"author":[{"embeddable":true,"href":"https:\/\/lazio.fifosanita.it\/index.php?rest_route=\/wp\/v2\/users\/1"}],"replies":[{"embeddable":true,"href":"https:\/\/lazio.fifosanita.it\/index.php?rest_route=%2Fwp%2Fv2%2Fcomments&post=19175"}],"version-history":[{"count":8,"href":"https:\/\/lazio.fifosanita.it\/index.php?rest_route=\/wp\/v2\/pages\/19175\/revisions"}],"predecessor-version":[{"id":242343,"href":"https:\/\/lazio.fifosanita.it\/index.php?rest_route=\/wp\/v2\/pages\/19175\/revisions\/242343"}],"wp:attachment":[{"href":"https:\/\/lazio.fifosanita.it\/index.php?rest_route=%2Fwp%2Fv2%2Fmedia&parent=19175"}],"curies":[{"name":"wp","href":"https:\/\/api.w.org\/{rel}","templated":true}]}}